{"id":6094,"date":"2024-02-14T21:28:10","date_gmt":"2024-02-14T20:28:10","guid":{"rendered":"https:\/\/vrumvrum.si\/trgovina\/mini-1000-mk4-mr-bean\/"},"modified":"2025-11-20T20:27:20","modified_gmt":"2025-11-20T19:27:20","slug":"mini-1000-mk4-mr-bean","status":"publish","type":"product","link":"https:\/\/vrumvrum.si\/de\/trgovina\/mini-1000-mk4-mr-bean\/","title":{"rendered":"Mini 1000 Mk4 Mr.Bean"},"content":{"rendered":"<p>Cover<\/p>\n<ul>\n<li>Material: 100 % Polyester<\/li>\n<li>Waschen: 40\u00b0C<\/li>\n<li>Bleichen ist nicht erlaubt.<\/li>\n<li>Das Trocknen im Trockner ist nicht gestattet.<\/li>\n<li>B\u00fcgeln ist nicht gestattet.<\/li>\n<li>Eine chemische Reinigung ist nicht gestattet.<\/li>\n<li>Immer mit \u00e4hnlichen Farben waschen, nicht bleichen oder im Trockner trocknen.<\/li>\n<\/ul>\n<p>F\u00fcllstoff<\/p>\n<ul>\n<li>Material: Polyurethanschaum<\/li>\n<\/ul>\n<p>Hergestellt in der EU<\/p>\n","protected":false},"excerpt":{"rendered":"<p>Zierkissen in Form eines Autos, Modell 1977 Mini 1000, wie es in der beliebten Serie von dem humorvollen Charakter Mr. Bean gefahren wurde Es handelt sich um eine originelle Dekoration f\u00fcr Zuhause, die aber auch ihren Platz auf der Ablage Ihres Fahrzeugs finden kann, wo sie zu einem echten Blickfang wird. Dieses besondere Kissen ist mit Sicherheit ein originelles Geschenk f\u00fcr jeden Autoliebhaber.<\/p>\n<p>Der Bezug ist abnehmbar und maschinenwaschbar. Die Innenseite ist mit Polyurethanschaum gef\u00fcllt und l\u00e4sst sich mit einem Rei\u00dfverschluss \u00f6ffnen und schlie\u00dfen.<\/p>\n<p><strong>Einzelheiten<\/strong><\/p>\n<ul>\n<li>Farbe: gelb<\/li>\n<li>Abmessung (cm): 25\u00d711\u00d712<\/li>\n<li>Material: Stoff<\/li>\n<li>Bezug: 100 % Polyester<\/li>\n<li>F\u00fcllung: Polyurethanschaum<\/li>\n<\/ul>\n","protected":false},"featured_media":6088,"comment_status":"open","ping_status":"closed","template":"","meta":{"uix_meta_title":"","uix_meta_description":"","uix_canonical_url":""},"product_brand":[],"product_cat":[246,239,170],"product_tag":[],"class_list":{"0":"post-6094","1":"product","2":"type-product","3":"status-publish","4":"has-post-thumbnail","6":"product_cat-austin-mini-de","7":"product_cat-auto-de","8":"product_cat-dekorative-kissen","10":"first","11":"instock","12":"taxable","13":"shipping-taxable","14":"purchasable","15":"product-type-variable","16":"has-default-attributes"},"_links":{"self":[{"href":"https:\/\/vrumvrum.si\/de\/wp-json\/wp\/v2\/product\/6094","targetHints":{"allow":["GET"]}}],"collection":[{"href":"https:\/\/vrumvrum.si\/de\/wp-json\/wp\/v2\/product"}],"about":[{"href":"https:\/\/vrumvrum.si\/de\/wp-json\/wp\/v2\/types\/product"}],"replies":[{"embeddable":true,"href":"https:\/\/vrumvrum.si\/de\/wp-json\/wp\/v2\/comments?post=6094"}],"wp:featuredmedia":[{"embeddable":true,"href":"https:\/\/vrumvrum.si\/de\/wp-json\/wp\/v2\/media\/6088"}],"wp:attachment":[{"href":"https:\/\/vrumvrum.si\/de\/wp-json\/wp\/v2\/media?parent=6094"}],"wp:term":[{"taxonomy":"product_brand","embeddable":true,"href":"https:\/\/vrumvrum.si\/de\/wp-json\/wp\/v2\/product_brand?post=6094"},{"taxonomy":"product_cat","embeddable":true,"href":"https:\/\/vrumvrum.si\/de\/wp-json\/wp\/v2\/product_cat?post=6094"},{"taxonomy":"product_tag","embeddable":true,"href":"https:\/\/vrumvrum.si\/de\/wp-json\/wp\/v2\/product_tag?post=6094"}],"curies":[{"name":"wp","href":"https:\/\/api.w.org\/{rel}","templated":true}]}}