{"id":8977,"date":"2018-12-18T03:58:40","date_gmt":"2018-12-18T02:58:40","guid":{"rendered":"https:\/\/vrumvrum.si\/domov\/"},"modified":"2026-05-01T21:47:01","modified_gmt":"2026-05-01T19:47:01","slug":"domov","status":"publish","type":"page","link":"https:\/\/vrumvrum.si\/fr\/","title":{"rendered":"Coussins d\u00e9coratifs"},"content":{"rendered":"\t\t<div data-elementor-type=\"wp-post\" data-elementor-id=\"8977\" class=\"elementor elementor-8977 elementor-616\" data-elementor-post-type=\"page\">\n\t\t\t\t\t\t<section class=\"elementor-section elementor-top-section elementor-element elementor-element-896416e elementor-section-stretched elementor-section-full_width elementor-section-height-default elementor-section-height-default\" data-id=\"896416e\" data-element_type=\"section\" data-e-type=\"section\" data-settings=\"{&quot;stretch_section&quot;:&quot;section-stretched&quot;}\">\n\t\t\t\t\t\t<div class=\"elementor-container elementor-column-gap-no\">\n\t\t\t\t\t<div class=\"elementor-column elementor-col-100 elementor-top-column elementor-element elementor-element-d511549\" data-id=\"d511549\" data-element_type=\"column\" data-e-type=\"column\">\n\t\t\t<div class=\"elementor-widget-wrap elementor-element-populated\">\n\t\t\t\t\t\t<div class=\"elementor-element elementor-element-6345319 elementor-widget elementor-widget-woostify-slider\" data-id=\"6345319\" data-element_type=\"widget\" data-e-type=\"widget\" data-widget_type=\"woostify-slider.default\">\n\t\t\t\t<div class=\"elementor-widget-container\">\n\t\t\t\t\t\t\t\t<div class=\"woostify-slider-widget tns\" id=\"woositfy-slider-6a031a354a636\" data-tiny-slider='{\"items\":1,\"autoplay\":\"yes\",\"autoplayTimeout\":\"3000\",\"autoplayHoverPause\":\"yes\",\"controls\":true,\"nav\":true,\"speed\":300,\"loop\":\"yes\"}'>\n\t\t\t\t\t\t\t\t\t<div class=\"woostify-slide tnsi elementor-repeater-item-0c272b6\" data-animate=\"fadeIn\">\n\t\t\t\t\t\t<div class=\"woostify-slide-inner\">\n\n\t\t\t\t\t\t\t<div class=\"woostify-slide-container\">\n\t\t\t\t\t\t\t\t<div class=\"woostify-slide-content\">\n\t\t\t\t\t\t\t\t\t\t\t\t\t\t\t\t\t\t\t<h2 class=\"woostify-slide-title\">Des clients satisfaits<\/h2>\n\t\t\t\t\t\t\t\t\t\n\t\t\t\t\t\t\t\t\t\t\t\t\t\t\t\t\t\t<div class=\"woostify-slide-description\">du monde entier<\/div>\n\t\t\t\t\t\t\t\t\t\n\t\t\t\t\t\t\t\t\t<div class=\"woostify-slide-button-wrapper\">\n\t\t\t\t\t\t\t\t\t\t\t\t\t\t\t\t\t\t\t\t\t<a class=\"woostify-slide-button\" href=\"https:\/\/vrumvrum.si\/fr\/boutique\/\">Achat<\/a>\n\t\t\t\t\t\t\t\t\t\t\n\t\t\t\t\t\t\t\t\t\t\t\t\t\t\t\t\t\t\t<\/div>\n\t\t\t\t\t\t\t\t<\/div>\n\t\t\t\t\t\t\t<\/div>\n\t\t\t\t\t\t<\/div>\n\t\t\t\t\t<\/div>\n\t\t\t\t\t\t\t\t\t\t<div class=\"woostify-slide tnsi elementor-repeater-item-b0c596e\" data-animate=\"fadeIn\">\n\t\t\t\t\t\t<div class=\"woostify-slide-inner\">\n\n\t\t\t\t\t\t\t<div class=\"woostify-slide-container\">\n\t\t\t\t\t\t\t\t<div class=\"woostify-slide-content\">\n\t\t\t\t\t\t\t\t\t\t\t\t\t\t\t\t\t\t\t<h2 class=\"woostify-slide-title\">Coussins d\u00e9coratifs<\/h2>\n\t\t\t\t\t\t\t\t\t\n\t\t\t\t\t\t\t\t\t\t\t\t\t\t\t\t\t\t<div class=\"woostify-slide-description\">sous la forme de vos v\u00e9hicules pr\u00e9f\u00e9r\u00e9s<\/div>\n\t\t\t\t\t\t\t\t\t\n\t\t\t\t\t\t\t\t\t<div class=\"woostify-slide-button-wrapper\">\n\t\t\t\t\t\t\t\t\t\t\t\t\t\t\t\t\t\t\t\t\t<a class=\"woostify-slide-button\" href=\"https:\/\/vrumvrum.si\/fr\/boutique\/\">S\u00e9lectionner<\/a>\n\t\t\t\t\t\t\t\t\t\t\n\t\t\t\t\t\t\t\t\t\t\t\t\t\t\t\t\t\t\t<\/div>\n\t\t\t\t\t\t\t\t<\/div>\n\t\t\t\t\t\t\t<\/div>\n\t\t\t\t\t\t<\/div>\n\t\t\t\t\t<\/div>\n\t\t\t\t\t\t\t\t\t\t<div class=\"woostify-slide tnsi elementor-repeater-item-91b2671\" data-animate=\"zoomIn\">\n\t\t\t\t\t\t<div class=\"woostify-slide-inner\">\n\n\t\t\t\t\t\t\t<div class=\"woostify-slide-container\">\n\t\t\t\t\t\t\t\t<div class=\"woostify-slide-content\">\n\t\t\t\t\t\t\t\t\t\t\t\t\t\t\t\t\t\t\t<h2 class=\"woostify-slide-title\">Les plus beaux souvenirs<\/h2>\n\t\t\t\t\t\t\t\t\t\n\t\t\t\t\t\t\t\t\t\t\t\t\t\t\t\t\t\t<div class=\"woostify-slide-description\">Renault 4 GTL<\/div>\n\t\t\t\t\t\t\t\t\t\n\t\t\t\t\t\t\t\t\t<div class=\"woostify-slide-button-wrapper\">\n\t\t\t\t\t\t\t\t\t\t\t\t\t\t\t\t\t\t\t\t\t<a class=\"woostify-slide-button\" href=\"https:\/\/vrumvrum.si\/fr\/boutique\/renault-4-gtl\/\">Achat<\/a>\n\t\t\t\t\t\t\t\t\t\t\n\t\t\t\t\t\t\t\t\t\t\t\t\t\t\t\t\t\t\t\t<a class=\"woostify-slide-button\" href=\"https:\/\/vrumvrum.si\/fr\/boutique\/\">Tous les v\u00e9hicules<\/a>\n\t\t\t\t\t\t\t\t\t\t\t\t\t\t\t\t\t\t\t<\/div>\n\t\t\t\t\t\t\t\t<\/div>\n\t\t\t\t\t\t\t<\/div>\n\t\t\t\t\t\t<\/div>\n\t\t\t\t\t<\/div>\n\t\t\t\t\t\t\t\t\t\t<div class=\"woostify-slide tnsi elementor-repeater-item-e66424c\" data-animate=\"fadeIn\">\n\t\t\t\t\t\t<div class=\"woostify-slide-inner\">\n\n\t\t\t\t\t\t\t<div class=\"woostify-slide-container\">\n\t\t\t\t\t\t\t\t<div class=\"woostify-slide-content\">\n\t\t\t\t\t\t\t\t\t\t\t\t\t\t\t\t\t\t\t<h2 class=\"woostify-slide-title\">Conception intemporelle<\/h2>\n\t\t\t\t\t\t\t\t\t\n\t\t\t\t\t\t\t\t\t\t\t\t\t\t\t\t\t\t<div class=\"woostify-slide-description\">1964 Ford Mustang<\/div>\n\t\t\t\t\t\t\t\t\t\n\t\t\t\t\t\t\t\t\t<div class=\"woostify-slide-button-wrapper\">\n\t\t\t\t\t\t\t\t\t\t\t\t\t\t\t\t\t\t\t\t\t<a class=\"woostify-slide-button\" href=\"https:\/\/vrumvrum.si\/fr\/trgovina\/ford-mustang-1964\/\">Achat<\/a>\n\t\t\t\t\t\t\t\t\t\t\n\t\t\t\t\t\t\t\t\t\t\t\t\t\t\t\t\t\t\t\t<a class=\"woostify-slide-button\" href=\"https:\/\/vrumvrum.si\/fr\/boutique\/\">Tous les v\u00e9hicules<\/a>\n\t\t\t\t\t\t\t\t\t\t\t\t\t\t\t\t\t\t\t<\/div>\n\t\t\t\t\t\t\t\t<\/div>\n\t\t\t\t\t\t\t<\/div>\n\t\t\t\t\t\t<\/div>\n\t\t\t\t\t<\/div>\n\t\t\t\t\t\t\t\t\t\t<div class=\"woostify-slide tnsi elementor-repeater-item-307068a\" data-animate=\"fadeIn\">\n\t\t\t\t\t\t<div class=\"woostify-slide-inner\">\n\n\t\t\t\t\t\t\t<div class=\"woostify-slide-container\">\n\t\t\t\t\t\t\t\t<div class=\"woostify-slide-content\">\n\t\t\t\t\t\t\t\t\t\t\t\t\t\t\t\t\t\t\t<h2 class=\"woostify-slide-title\">Voiture de sport des ann\u00e9es 90!<\/h2>\n\t\t\t\t\t\t\t\t\t\n\t\t\t\t\t\t\t\t\t\t\t\t\t\t\t\t\t\t<div class=\"woostify-slide-description\">BMW M3 E36<\/div>\n\t\t\t\t\t\t\t\t\t\n\t\t\t\t\t\t\t\t\t<div class=\"woostify-slide-button-wrapper\">\n\t\t\t\t\t\t\t\t\t\t\t\t\t\t\t\t\t\t\t\t\t<a class=\"woostify-slide-button\" href=\"https:\/\/vrumvrum.si\/fr\/boutique\/bmw-m3-e36\/\">Achat<\/a>\n\t\t\t\t\t\t\t\t\t\t\n\t\t\t\t\t\t\t\t\t\t\t\t\t\t\t\t\t\t\t\t<a class=\"woostify-slide-button\" href=\"https:\/\/vrumvrum.si\/fr\/boutique\/\">Tous les v\u00e9hicules<\/a>\n\t\t\t\t\t\t\t\t\t\t\t\t\t\t\t\t\t\t\t<\/div>\n\t\t\t\t\t\t\t\t<\/div>\n\t\t\t\t\t\t\t<\/div>\n\t\t\t\t\t\t<\/div>\n\t\t\t\t\t<\/div>\n\t\t\t\t\t\t\t\t<\/div>\n\t\t\t\t\t\t<\/div>\n\t\t\t\t<\/div>\n\t\t\t\t\t<\/div>\n\t\t<\/div>\n\t\t\t\t\t<\/div>\n\t\t<\/section>\n\t\t\t\t<section class=\"elementor-section elementor-top-section elementor-element elementor-element-4715ba6 elementor-section-stretched elementor-section-full_width elementor-section-height-default elementor-section-height-default\" data-id=\"4715ba6\" data-element_type=\"section\" data-e-type=\"section\" data-settings=\"{&quot;stretch_section&quot;:&quot;section-stretched&quot;}\">\n\t\t\t\t\t\t<div class=\"elementor-container elementor-column-gap-no\">\n\t\t\t\t\t<div class=\"elementor-column elementor-col-100 elementor-top-column elementor-element elementor-element-6acb0d4\" data-id=\"6acb0d4\" data-element_type=\"column\" data-e-type=\"column\">\n\t\t\t<div class=\"elementor-widget-wrap elementor-element-populated\">\n\t\t\t\t\t\t<div class=\"elementor-element elementor-element-bab9014 elementor-widget elementor-widget-heading\" data-id=\"bab9014\" data-element_type=\"widget\" data-e-type=\"widget\" data-widget_type=\"heading.default\">\n\t\t\t\t\t<h2 class=\"elementor-heading-title elementor-size-default\">Arrive bient\u00f4t<\/h2>\t\t\t\t<\/div>\n\t\t\t\t<div class=\"elementor-element elementor-element-0536348 elementor-widget__width-inherit elementor-widget elementor-widget-text-editor\" data-id=\"0536348\" data-element_type=\"widget\" data-e-type=\"widget\" data-widget_type=\"text-editor.default\">\n\t\t\t\t\t\t\t\t\t<div>Nouveaux mod\u00e8les en <strong>2026<\/strong>!<\/div><div>Suivez notre page <a href=\"http:\/\/facebook.com\/VrumVrum.si\" target=\"_blank\" rel=\"noopener\">Facebook<\/a> ou <a href=\"http:\/\/instagram.com\/vrumvrum.si\/\">Instagram<\/a>, o\u00f9 nous publions nos nouveaut\u00e9s.<\/div><div>\u00a0<\/div>\t\t\t\t\t\t\t\t<\/div>\n\t\t\t\t\t<\/div>\n\t\t<\/div>\n\t\t\t\t\t<\/div>\n\t\t<\/section>\n\t\t\t\t<section class=\"elementor-section elementor-top-section elementor-element elementor-element-f49d8ed elementor-section-full_width elementor-section-height-default elementor-section-height-default\" data-id=\"f49d8ed\" data-element_type=\"section\" data-e-type=\"section\">\n\t\t\t\t\t\t<div class=\"elementor-container elementor-column-gap-no\">\n\t\t\t\t\t<div class=\"elementor-column elementor-col-100 elementor-top-column elementor-element elementor-element-61d3d5f\" data-id=\"61d3d5f\" data-element_type=\"column\" data-e-type=\"column\">\n\t\t\t<div class=\"elementor-widget-wrap elementor-element-populated\">\n\t\t\t\t\t\t<div class=\"elementor-element elementor-element-d9b5c8e elementor-widget-mobile__width-inherit elementor-widget elementor-widget-heading\" data-id=\"d9b5c8e\" data-element_type=\"widget\" data-e-type=\"widget\" data-widget_type=\"heading.default\">\n\t\t\t\t\t<h2 class=\"elementor-heading-title elementor-size-default\">Nouveaux produits<\/h2>\t\t\t\t<\/div>\n\t\t\t\t<div class=\"elementor-element elementor-element-300c647 elementor-widget elementor-widget-woostify-new-product-slider\" data-id=\"300c647\" data-element_type=\"widget\" data-e-type=\"widget\" data-widget_type=\"woostify-new-product-slider.default\">\n\t\t\t\t<div class=\"elementor-widget-container\">\n\t\t\t\t\t\n\t\t<div class=\"woostify-product-slider-widget\">\n\t\t\t<ul class=\"woostify-product-slider products tns\" data-tiny-slider='{\"items\":1,\"autoplay\":true,\"autoplayTimeout\":5000,\"autoplayHoverPause\":true,\"controls\":true,\"nav\":false,\"speed\":300,\"loop\":true,\"gutter\":0,\"slideBy\":1,\"preventScrollOnTouch\":\"auto\",\"responsive\":{\"768\":{\"items\":2,\"gutter\":15,\"controls\":true,\"nav\":false},\"992\":{\"items\":3,\"gutter\":15,\"controls\":true,\"nav\":false}}}' data-col=\"3\" data-tiny-slider='{\"items\":3,\"controls\":false,\"nav\":false,\"loop\":true,\"autoHeight\":true,\"mouseDrag\":true,\"responsive\":{\"240\":{\"items\":\"1\"},\"767\":{\"items\":\"2\"},\"1024\":{\"items\":\"3\"}}}'>\n\t\t\t\t\t\t\t\t\t<li class=\"product post-11381 status-publish first instock product_cat-okrasne-blazine product_cat-mercedes-benz product_cat-avtomobili has-post-thumbnail taxable shipping-taxable purchasable product-type-variable has-default-attributes\">\n\t\t\t\t\t\t\t\t<div class=\"product-loop-wrapper\">\n\t\t<div class=\"product-loop-image-wrapper zoom-hover has-equal-image-height\">\t\t<div class=\"product-loop-action\"><\/div>\n\t\t<a href=\"https:\/\/vrumvrum.si\/fr\/trgovina\/mercedes-benz-w124\/\" class=\"woocommerce-LoopProduct-link woocommerce-loop-product__link\"><img fetchpriority=\"high\" decoding=\"async\" width=\"1200\" height=\"800\" src=\"https:\/\/vrumvrum.si\/wp-content\/uploads\/2026\/03\/Mercedes-W124-vrumvrum-1200x800.jpg\" class=\"attachment-woocommerce_thumbnail size-woocommerce_thumbnail product-loop-image\" alt=\"Coussin d\u00e9coratif Mercedes W124 vrumvrum\" srcset=\"https:\/\/vrumvrum.si\/wp-content\/uploads\/2026\/03\/Mercedes-W124-vrumvrum-1200x800.jpg 1200w, https:\/\/vrumvrum.si\/wp-content\/uploads\/2026\/03\/Mercedes-W124-vrumvrum-300x200.jpg 300w, https:\/\/vrumvrum.si\/wp-content\/uploads\/2026\/03\/Mercedes-W124-vrumvrum-1024x683.jpg 1024w, https:\/\/vrumvrum.si\/wp-content\/uploads\/2026\/03\/Mercedes-W124-vrumvrum-768x512.jpg 768w, https:\/\/vrumvrum.si\/wp-content\/uploads\/2026\/03\/Mercedes-W124-vrumvrum-1536x1024.jpg 1536w, https:\/\/vrumvrum.si\/wp-content\/uploads\/2026\/03\/Mercedes-W124-vrumvrum-2048x1366.jpg 2048w\" sizes=\"(max-width: 1200px) 100vw, 1200px\" \/><\/a><\/div><div class=\"product-loop-content text-center\">\t\t<h2 class=\"woocommerce-loop-product__title\">\n\t\t\t<a href=\"https:\/\/vrumvrum.si\/fr\/trgovina\/mercedes-benz-w124\/\" class=\"woocommerce-LoopProduct-link woocommerce-loop-product__link\">Mercedes-Benz W124<\/a>\t\t<\/h2>\n\t\t<div class=\"product-loop-meta no-transform\"><div class=\"animated-meta\">\t\t\t<span class=\"price\"><span class=\"woocommerce-Price-amount amount\">39,95&nbsp;<span class=\"woocommerce-Price-currencySymbol\">&euro;<\/span><\/span><p class=\"stock in-stock in_stock_color woo-custom-stock-status\">En stock<\/p><\/span>\n\t\t\t<\/div><\/div><\/div>\t\t<\/div>\n\t\t\t\t\t\t\t<\/li>\n\t\t\t\t\t\t\t\t\t\t<li class=\"product post-10983 status-publish outofstock product_cat-coussins-decoratifs product_cat-pontiac-fr product_cat-voiture has-post-thumbnail taxable shipping-taxable purchasable product-type-variable has-default-attributes\">\n\t\t\t\t\t\t\t\t<div class=\"product-loop-wrapper\">\n\t\t<div class=\"product-loop-image-wrapper zoom-hover has-equal-image-height\">\t\t<div class=\"product-loop-action\"><\/div>\n\t\t<a href=\"https:\/\/vrumvrum.si\/fr\/trgovina\/pontiac-firebird-kitt-knight-rider\/\" class=\"woocommerce-LoopProduct-link woocommerce-loop-product__link\"><img decoding=\"async\" width=\"1200\" height=\"800\" src=\"https:\/\/vrumvrum.si\/wp-content\/uploads\/2025\/11\/knight-rider-kitt-vrumvrum-1200x800.jpg\" class=\"attachment-woocommerce_thumbnail size-woocommerce_thumbnail product-loop-image\" alt=\"Image du produit\" srcset=\"https:\/\/vrumvrum.si\/wp-content\/uploads\/2025\/11\/knight-rider-kitt-vrumvrum-1200x800.jpg 1200w, https:\/\/vrumvrum.si\/wp-content\/uploads\/2025\/11\/knight-rider-kitt-vrumvrum-300x200.jpg 300w, https:\/\/vrumvrum.si\/wp-content\/uploads\/2025\/11\/knight-rider-kitt-vrumvrum-1024x682.jpg 1024w, https:\/\/vrumvrum.si\/wp-content\/uploads\/2025\/11\/knight-rider-kitt-vrumvrum-768x512.jpg 768w, https:\/\/vrumvrum.si\/wp-content\/uploads\/2025\/11\/knight-rider-kitt-vrumvrum-1536x1024.jpg 1536w, https:\/\/vrumvrum.si\/wp-content\/uploads\/2025\/11\/knight-rider-kitt-vrumvrum-2048x1365.jpg 2048w\" sizes=\"(max-width: 1200px) 100vw, 1200px\" \/><\/a><\/div><div class=\"product-loop-content text-center\">\t\t<h2 class=\"woocommerce-loop-product__title\">\n\t\t\t<a href=\"https:\/\/vrumvrum.si\/fr\/trgovina\/pontiac-firebird-kitt-knight-rider\/\" class=\"woocommerce-LoopProduct-link woocommerce-loop-product__link\">Pontiac Firebird KITT (Knight Rider)<\/a>\t\t<\/h2>\n\t\t<div class=\"product-loop-meta no-transform\"><div class=\"animated-meta\">\t\t\t<span class=\"price\"><span class=\"woocommerce-Price-amount amount\">38,95&nbsp;<span class=\"woocommerce-Price-currencySymbol\">&euro;<\/span><\/span><p class=\"stock out-of-stock out_of_stock_color woo-custom-stock-status\">\u00c9puis\u00e9<\/p><\/span>\n\t\t\t<\/div><\/div><\/div>\t\t<\/div>\n\t\t\t\t\t\t\t<\/li>\n\t\t\t\t\t\t\t\t\t\t<li class=\"product post-10832 status-publish last instock product_cat-coussins-decoratifs product_cat-ford-fr product_cat-voiture has-post-thumbnail taxable shipping-taxable purchasable product-type-variable has-default-attributes\">\n\t\t\t\t\t\t\t\t<div class=\"product-loop-wrapper\">\n\t\t<div class=\"product-loop-image-wrapper zoom-hover has-equal-image-height\">\t\t<div class=\"product-loop-action\"><\/div>\n\t\t<a href=\"https:\/\/vrumvrum.si\/fr\/trgovina\/ford-mustang-1964\/\" class=\"woocommerce-LoopProduct-link woocommerce-loop-product__link\"><img decoding=\"async\" width=\"1200\" height=\"800\" src=\"https:\/\/vrumvrum.si\/wp-content\/uploads\/2025\/10\/1964-ford-mustang-vrumvrum-1-1200x800.jpg\" class=\"attachment-woocommerce_thumbnail size-woocommerce_thumbnail product-loop-image\" alt=\"Image du produit\" srcset=\"https:\/\/vrumvrum.si\/wp-content\/uploads\/2025\/10\/1964-ford-mustang-vrumvrum-1-1200x800.jpg 1200w, https:\/\/vrumvrum.si\/wp-content\/uploads\/2025\/10\/1964-ford-mustang-vrumvrum-1-300x200.jpg 300w, https:\/\/vrumvrum.si\/wp-content\/uploads\/2025\/10\/1964-ford-mustang-vrumvrum-1-1024x682.jpg 1024w, https:\/\/vrumvrum.si\/wp-content\/uploads\/2025\/10\/1964-ford-mustang-vrumvrum-1-768x512.jpg 768w, https:\/\/vrumvrum.si\/wp-content\/uploads\/2025\/10\/1964-ford-mustang-vrumvrum-1-1536x1024.jpg 1536w, https:\/\/vrumvrum.si\/wp-content\/uploads\/2025\/10\/1964-ford-mustang-vrumvrum-1-2048x1365.jpg 2048w\" sizes=\"(max-width: 1200px) 100vw, 1200px\" \/><\/a><\/div><div class=\"product-loop-content text-center\">\t\t<h2 class=\"woocommerce-loop-product__title\">\n\t\t\t<a href=\"https:\/\/vrumvrum.si\/fr\/trgovina\/ford-mustang-1964\/\" class=\"woocommerce-LoopProduct-link woocommerce-loop-product__link\">Ford Mustang 1964<\/a>\t\t<\/h2>\n\t\t<div class=\"product-loop-meta no-transform\"><div class=\"animated-meta\">\t\t\t<span class=\"price\"><span class=\"woocommerce-Price-amount amount\">37,95&nbsp;<span class=\"woocommerce-Price-currencySymbol\">&euro;<\/span><\/span><p class=\"stock in-stock in_stock_color woo-custom-stock-status\">En stock<\/p><\/span>\n\t\t\t<\/div><\/div><\/div>\t\t<\/div>\n\t\t\t\t\t\t\t<\/li>\n\t\t\t\t\t\t\t\t\t\t<li class=\"product post-10737 status-publish first instock product_cat-coussins-decoratifs product_cat-ford-fr product_cat-voiture has-post-thumbnail taxable shipping-taxable purchasable product-type-variable\">\n\t\t\t\t\t\t\t\t<div class=\"product-loop-wrapper\">\n\t\t<div class=\"product-loop-image-wrapper zoom-hover has-equal-image-height\">\t\t<div class=\"product-loop-action\"><\/div>\n\t\t<a href=\"https:\/\/vrumvrum.si\/fr\/trgovina\/shelby-gt350-2021\/\" class=\"woocommerce-LoopProduct-link woocommerce-loop-product__link\"><img loading=\"lazy\" decoding=\"async\" width=\"1200\" height=\"800\" src=\"https:\/\/vrumvrum.si\/wp-content\/uploads\/2025\/09\/Shelby-GT350-vrumvrum-1200x800.jpg\" class=\"attachment-woocommerce_thumbnail size-woocommerce_thumbnail product-loop-image\" alt=\"Image du produit\" srcset=\"https:\/\/vrumvrum.si\/wp-content\/uploads\/2025\/09\/Shelby-GT350-vrumvrum-1200x800.jpg 1200w, https:\/\/vrumvrum.si\/wp-content\/uploads\/2025\/09\/Shelby-GT350-vrumvrum-300x200.jpg 300w, https:\/\/vrumvrum.si\/wp-content\/uploads\/2025\/09\/Shelby-GT350-vrumvrum-1024x682.jpg 1024w, https:\/\/vrumvrum.si\/wp-content\/uploads\/2025\/09\/Shelby-GT350-vrumvrum-768x512.jpg 768w, https:\/\/vrumvrum.si\/wp-content\/uploads\/2025\/09\/Shelby-GT350-vrumvrum-1536x1024.jpg 1536w, https:\/\/vrumvrum.si\/wp-content\/uploads\/2025\/09\/Shelby-GT350-vrumvrum-2048x1365.jpg 2048w\" sizes=\"(max-width: 1200px) 100vw, 1200px\" \/><\/a><\/div><div class=\"product-loop-content text-center\">\t\t<h2 class=\"woocommerce-loop-product__title\">\n\t\t\t<a href=\"https:\/\/vrumvrum.si\/fr\/trgovina\/shelby-gt350-2021\/\" class=\"woocommerce-LoopProduct-link woocommerce-loop-product__link\">Shelby GT350 2021<\/a>\t\t<\/h2>\n\t\t<div class=\"product-loop-meta no-transform\"><div class=\"animated-meta\">\t\t\t<span class=\"price\"><span class=\"woocommerce-Price-amount amount\">39,95&nbsp;<span class=\"woocommerce-Price-currencySymbol\">&euro;<\/span><\/span><p class=\"stock in-stock in_stock_color woo-custom-stock-status\">En stock<\/p><\/span>\n\t\t\t<\/div><\/div><\/div>\t\t<\/div>\n\t\t\t\t\t\t\t<\/li>\n\t\t\t\t\t\t\t\t\t\t<li class=\"product post-10503 status-publish instock product_cat-coussins-decoratifs product_cat-saab-fr product_cat-voiture has-post-thumbnail taxable shipping-taxable purchasable product-type-variable has-default-attributes\">\n\t\t\t\t\t\t\t\t<div class=\"product-loop-wrapper\">\n\t\t<div class=\"product-loop-image-wrapper zoom-hover has-equal-image-height\">\t\t<div class=\"product-loop-action\"><\/div>\n\t\t<a href=\"https:\/\/vrumvrum.si\/fr\/trgovina\/saab-9-5-aero\/\" class=\"woocommerce-LoopProduct-link woocommerce-loop-product__link\"><img loading=\"lazy\" decoding=\"async\" width=\"1200\" height=\"800\" src=\"https:\/\/vrumvrum.si\/wp-content\/uploads\/2025\/07\/Saab-9-5-Aero-vrumvrum-1200x800.jpg\" class=\"attachment-woocommerce_thumbnail size-woocommerce_thumbnail product-loop-image\" alt=\"Image du produit\" srcset=\"https:\/\/vrumvrum.si\/wp-content\/uploads\/2025\/07\/Saab-9-5-Aero-vrumvrum-1200x800.jpg 1200w, https:\/\/vrumvrum.si\/wp-content\/uploads\/2025\/07\/Saab-9-5-Aero-vrumvrum-300x200.jpg 300w, https:\/\/vrumvrum.si\/wp-content\/uploads\/2025\/07\/Saab-9-5-Aero-vrumvrum-1024x683.jpg 1024w, https:\/\/vrumvrum.si\/wp-content\/uploads\/2025\/07\/Saab-9-5-Aero-vrumvrum-768x512.jpg 768w, https:\/\/vrumvrum.si\/wp-content\/uploads\/2025\/07\/Saab-9-5-Aero-vrumvrum-1536x1024.jpg 1536w, https:\/\/vrumvrum.si\/wp-content\/uploads\/2025\/07\/Saab-9-5-Aero-vrumvrum-2048x1366.jpg 2048w\" sizes=\"(max-width: 1200px) 100vw, 1200px\" \/><\/a><\/div><div class=\"product-loop-content text-center\">\t\t<h2 class=\"woocommerce-loop-product__title\">\n\t\t\t<a href=\"https:\/\/vrumvrum.si\/fr\/trgovina\/saab-9-5-aero\/\" class=\"woocommerce-LoopProduct-link woocommerce-loop-product__link\">Saab 9-5 Aero<\/a>\t\t<\/h2>\n\t\t<div class=\"product-loop-meta no-transform\"><div class=\"animated-meta\">\t\t\t<span class=\"price\"><span class=\"woocommerce-Price-amount amount\">39,95&nbsp;<span class=\"woocommerce-Price-currencySymbol\">&euro;<\/span><\/span><p class=\"stock in-stock in_stock_color woo-custom-stock-status\">En stock<\/p><\/span>\n\t\t\t<\/div><\/div><\/div>\t\t<\/div>\n\t\t\t\t\t\t\t<\/li>\n\t\t\t\t\t\t\t\t\t\t<li class=\"product post-10359 status-publish last instock product_cat-coussins-decoratifs product_cat-saab-fr product_cat-voiture has-post-thumbnail taxable shipping-taxable purchasable product-type-variable has-default-attributes\">\n\t\t\t\t\t\t\t\t<div class=\"product-loop-wrapper\">\n\t\t<div class=\"product-loop-image-wrapper zoom-hover has-equal-image-height\">\t\t<div class=\"product-loop-action\"><\/div>\n\t\t<a href=\"https:\/\/vrumvrum.si\/fr\/trgovina\/saab-900-turbo\/\" class=\"woocommerce-LoopProduct-link woocommerce-loop-product__link\"><img loading=\"lazy\" decoding=\"async\" width=\"1200\" height=\"800\" src=\"https:\/\/vrumvrum.si\/wp-content\/uploads\/2025\/11\/saab-900-turbo-vrumvrum-2-1200x800.jpg\" class=\"attachment-woocommerce_thumbnail size-woocommerce_thumbnail product-loop-image\" alt=\"Image du produit\" srcset=\"https:\/\/vrumvrum.si\/wp-content\/uploads\/2025\/11\/saab-900-turbo-vrumvrum-2-1200x800.jpg 1200w, https:\/\/vrumvrum.si\/wp-content\/uploads\/2025\/11\/saab-900-turbo-vrumvrum-2-300x200.jpg 300w, https:\/\/vrumvrum.si\/wp-content\/uploads\/2025\/11\/saab-900-turbo-vrumvrum-2-1024x682.jpg 1024w, https:\/\/vrumvrum.si\/wp-content\/uploads\/2025\/11\/saab-900-turbo-vrumvrum-2-768x512.jpg 768w, https:\/\/vrumvrum.si\/wp-content\/uploads\/2025\/11\/saab-900-turbo-vrumvrum-2-1536x1024.jpg 1536w, https:\/\/vrumvrum.si\/wp-content\/uploads\/2025\/11\/saab-900-turbo-vrumvrum-2-2048x1365.jpg 2048w\" sizes=\"(max-width: 1200px) 100vw, 1200px\" \/><\/a><\/div><div class=\"product-loop-content text-center\">\t\t<h2 class=\"woocommerce-loop-product__title\">\n\t\t\t<a href=\"https:\/\/vrumvrum.si\/fr\/trgovina\/saab-900-turbo\/\" class=\"woocommerce-LoopProduct-link woocommerce-loop-product__link\">Saab 900 Turbo<\/a>\t\t<\/h2>\n\t\t<div class=\"product-loop-meta no-transform\"><div class=\"animated-meta\">\t\t\t<span class=\"price\"><span class=\"woocommerce-Price-amount amount\">38,95&nbsp;<span class=\"woocommerce-Price-currencySymbol\">&euro;<\/span><\/span><p class=\"stock in-stock in_stock_color woo-custom-stock-status\">En stock<\/p><\/span>\n\t\t\t<\/div><\/div><\/div>\t\t<\/div>\n\t\t\t\t\t\t\t<\/li>\n\t\t\t\t\t\t\t\t<\/ul>\n\t\t<\/div>\n\n\t\t\t\t\t\t<\/div>\n\t\t\t\t<\/div>\n\t\t\t\t\t<\/div>\n\t\t<\/div>\n\t\t\t\t\t<\/div>\n\t\t<\/section>\n\t\t\t\t<\/div>\n\t\t","protected":false},"excerpt":{"rendered":"<p>Des clients satisfaits du monde entier Achat Coussins d\u00e9coratifs sous la forme&#8230;<\/p>\n","protected":false},"author":1,"featured_media":6664,"parent":0,"menu_order":1,"comment_status":"closed","ping_status":"closed","template":"","meta":{"uix_meta_title":"","uix_meta_description":"","uix_canonical_url":"","footnotes":""},"class_list":["post-8977","page","type-page","status-publish","has-post-thumbnail","hentry"],"_links":{"self":[{"href":"https:\/\/vrumvrum.si\/fr\/wp-json\/wp\/v2\/pages\/8977","targetHints":{"allow":["GET"]}}],"collection":[{"href":"https:\/\/vrumvrum.si\/fr\/wp-json\/wp\/v2\/pages"}],"about":[{"href":"https:\/\/vrumvrum.si\/fr\/wp-json\/wp\/v2\/types\/page"}],"author":[{"embeddable":true,"href":"https:\/\/vrumvrum.si\/fr\/wp-json\/wp\/v2\/users\/1"}],"replies":[{"embeddable":true,"href":"https:\/\/vrumvrum.si\/fr\/wp-json\/wp\/v2\/comments?post=8977"}],"version-history":[{"count":1,"href":"https:\/\/vrumvrum.si\/fr\/wp-json\/wp\/v2\/pages\/8977\/revisions"}],"predecessor-version":[{"id":11719,"href":"https:\/\/vrumvrum.si\/fr\/wp-json\/wp\/v2\/pages\/8977\/revisions\/11719"}],"wp:featuredmedia":[{"embeddable":true,"href":"https:\/\/vrumvrum.si\/fr\/wp-json\/wp\/v2\/media\/6664"}],"wp:attachment":[{"href":"https:\/\/vrumvrum.si\/fr\/wp-json\/wp\/v2\/media?parent=8977"}],"curies":[{"name":"wp","href":"https:\/\/api.w.org\/{rel}","templated":true}]}}